{"id":87,"date":"2022-03-23T03:48:26","date_gmt":"2022-03-23T03:48:26","guid":{"rendered":"https:\/\/proyectos.c-onlineweb.net\/msj\/?page_id=87"},"modified":"2024-07-16T22:01:47","modified_gmt":"2024-07-16T22:01:47","slug":"inicio","status":"publish","type":"page","link":"https:\/\/proyectos.c-onlineweb.net\/msj\/","title":{"rendered":"Inicio"},"content":{"rendered":"<style>\/*! elementor - v3.7.0 - 08-08-2022 *\/<br \/>\n.elementor-heading-title{padding:0;margin:0;line-height:1}.elementor-widget-heading .elementor-heading-title[class*=elementor-size-]>a{color:inherit;font-size:inherit;line-height:inherit}.elementor-widget-heading .elementor-heading-title.elementor-size-small{font-size:15px}.elementor-widget-heading .elementor-heading-title.elementor-size-medium{font-size:19px}.elementor-widget-heading .elementor-heading-title.elementor-size-large{font-size:29px}.elementor-widget-heading .elementor-heading-title.elementor-size-xl{font-size:39px}.elementor-widget-heading .elementor-heading-title.elementor-size-xxl{font-size:59px}<\/style>\n<h3>SITIO WEB EN CONSTRUCCI\u00d3N<\/h3>\n<style>\/*! elementor - v3.7.0 - 08-08-2022 *\/<br \/>\n.elementor-widget-image{text-align:center}.elementor-widget-image a{display:inline-block}.elementor-widget-image a img[src$=\".svg\"]{width:48px}.elementor-widget-image img{vertical-align:middle;display:inline-block}<\/style>\n<p>\t\t\t\t\t\t\t\t\t\t\t\t<img loading=\"lazy\" decoding=\"async\" width=\"700\" height=\"366\" src=\"https:\/\/proyectos.c-onlineweb.net\/msj\/wp-content\/uploads\/2022\/08\/DOc.png\" alt=\"\" loading=\"lazy\" srcset=\"https:\/\/proyectos.c-onlineweb.net\/msj\/wp-content\/uploads\/2022\/08\/DOc.png 700w, https:\/\/proyectos.c-onlineweb.net\/msj\/wp-content\/uploads\/2022\/08\/DOc-300x157.png 300w\" sizes=\"auto, (max-width: 700px) 100vw, 700px\"><\/p>\n<style>\/*! elementor - v3.7.0 - 08-08-2022 *\/<br \/>\n.elementor-accordion{text-align:left}.elementor-accordion .elementor-accordion-item{border:1px solid #d4d4d4}.elementor-accordion .elementor-accordion-item+.elementor-accordion-item{border-top:none}.elementor-accordion .elementor-tab-title{margin:0;padding:15px 20px;font-weight:700;line-height:1;cursor:pointer;outline:none}.elementor-accordion .elementor-tab-title .elementor-accordion-icon{display:inline-block;width:1.5em}.elementor-accordion .elementor-tab-title .elementor-accordion-icon svg{width:1em;height:1em}.elementor-accordion .elementor-tab-title .elementor-accordion-icon.elementor-accordion-icon-right{float:right;text-align:right}.elementor-accordion .elementor-tab-title .elementor-accordion-icon.elementor-accordion-icon-left{float:left;text-align:left}.elementor-accordion .elementor-tab-title .elementor-accordion-icon .elementor-accordion-icon-closed{display:block}.elementor-accordion .elementor-tab-title .elementor-accordion-icon .elementor-accordion-icon-opened,.elementor-accordion .elementor-tab-title.elementor-active .elementor-accordion-icon-closed{display:none}.elementor-accordion .elementor-tab-title.elementor-active .elementor-accordion-icon-opened{display:block}.elementor-accordion .elementor-tab-content{display:none;padding:15px 20px;border-top:1px solid #d4d4d4}@media (max-width:767px){.elementor-accordion .elementor-tab-title{padding:12px 15px}.elementor-accordion .elementor-tab-title .elementor-accordion-icon{width:1.2em}.elementor-accordion .elementor-tab-content{padding:7px 15px}}.e-container>.elementor-widget-accordion{width:var(--container-widget-width,100%)}<\/style>\n<h2 id=\"elementor-tab-title-2541\" data-tab=\"1\" role=\"tab\" aria-controls=\"elementor-tab-content-2541\" aria-expanded=\"false\">\n\t\t\t\t\t\t\t\t\t\t\t\t<a href=\"\">.<\/a><\/h2>\n<p><strong>\u21fe Programa tu cirug\u00eda<\/strong><\/p>\n<p><strong>\u21fe Solicita una cotizaci\u00f3n de Cirug\u00eda, aqu\u00ed\u2026<\/strong><\/p>\n<p><img loading=\"lazy\" decoding=\"async\" width=\"700\" height=\"366\" src=\"https:\/\/proyectos.c-onlineweb.net\/msj\/wp-content\/uploads\/2022\/08\/Usuarios.png\" alt=\"\" loading=\"lazy\" srcset=\"https:\/\/proyectos.c-onlineweb.net\/msj\/wp-content\/uploads\/2022\/08\/Usuarios.png 700w, https:\/\/proyectos.c-onlineweb.net\/msj\/wp-content\/uploads\/2022\/08\/Usuarios-300x157.png 300w\" sizes=\"auto, (max-width: 700px) 100vw, 700px\"><\/p>\n<h2 id=\"elementor-tab-title-7111\" data-tab=\"1\" role=\"tab\" aria-controls=\"elementor-tab-content-7111\" aria-expanded=\"false\">\n\t\t\t\t\t\t\t\t\t\t\t\t<a href=\"\">.<\/a><\/h2>\n<p><a href=\"https:\/\/proyectos.c-onlineweb.net\/msj\/medicos-y-especialistas\/\"><strong>\u21fe Encuentra a tu m\u00e9dico&nbsp;<\/strong><\/a><\/p>\n<p><strong><a href=\"https:\/\/proyectos.c-onlineweb.net\/msj\/servicios\/servicio-rayos-x\/\">\u21fe Rayos X<\/a><\/strong><\/p>\n<p><a href=\"https:\/\/proyectos.c-onlineweb.net\/msj\/servicios\/ultrasonido\/\"><strong>\u21fe Ultrasonido<\/strong><\/a><\/p>\n<p><a href=\"https:\/\/proyectos.c-onlineweb.net\/msj\/servicios\/cuneros\/\"><strong>\u21fe Paquetes de maternidad<\/strong><\/a><\/p>\n<p><img loading=\"lazy\" decoding=\"async\" width=\"700\" height=\"366\" src=\"https:\/\/proyectos.c-onlineweb.net\/msj\/wp-content\/uploads\/2022\/08\/Reglamento.png\" alt=\"\" loading=\"lazy\" srcset=\"https:\/\/proyectos.c-onlineweb.net\/msj\/wp-content\/uploads\/2022\/08\/Reglamento.png 700w, https:\/\/proyectos.c-onlineweb.net\/msj\/wp-content\/uploads\/2022\/08\/Reglamento-300x157.png 300w\" sizes=\"auto, (max-width: 700px) 100vw, 700px\"><\/p>\n<h2 id=\"elementor-tab-title-1771\" data-tab=\"1\" role=\"tab\" aria-controls=\"elementor-tab-content-1771\" aria-expanded=\"false\">\n\t\t\t\t\t\t\t\t\t\t\t\t<a href=\"\">.<\/a><\/h2>\n<p><strong>Gu\u00eda para visitantes:<br \/>\n<\/strong>Conoce nuestra infraestructura e instalaciones; queremos que tu estancia con nosotros sea c\u00f3moda y que sea amena.<\/p>\n<p><strong>Horarios de visita:<\/strong> 8:00 a 22:00<\/p>\n<p><strong>Hospitalizaci\u00f3n:<br \/>\n<\/strong>Respetar el descanso y recuperaci\u00f3n de nuestros pacientes.<\/p>\n<p>Prohibido el ingreso de alimentos a las habitaciones.<\/p>\n<p>Acatar las pol\u00edticas y normas internas, as\u00ed como cualquier instrucci\u00f3n de enfermer\u00eda o \u00e1rea m\u00e9dica.<\/p>\n<p><strong>Cafeter\u00eda:<\/strong> 8:00 a 21:00<\/p>\n<h3><a href=\"http:\/\/A\">ASEGURADORAS<\/a><\/h3>\n<style>\/*! elementor - v3.7.0 - 08-08-2022 *\/<br \/>\n.elementor-widget-image-carousel .swiper-container{position:static}.elementor-widget-image-carousel .swiper-container .swiper-slide figure{line-height:inherit}.elementor-widget-image-carousel .swiper-slide{text-align:center}.elementor-image-carousel-wrapper:not(.swiper-container-initialized) .swiper-slide{max-width:calc(100% \/ var(--e-image-carousel-slides-to-show, 3))}<\/style>\n<figure><img decoding=\"async\" src=\"https:\/\/proyectos.c-onlineweb.net\/msj\/wp-content\/uploads\/2022\/06\/Seguros-Atlas-1.png\" alt=\"Seguros-Atlas\"><\/figure>\n<figure><img decoding=\"async\" src=\"https:\/\/proyectos.c-onlineweb.net\/msj\/wp-content\/uploads\/2022\/06\/GNP-1.png\" alt=\"GNP\"><\/figure>\n<figure><img decoding=\"async\" src=\"https:\/\/proyectos.c-onlineweb.net\/msj\/wp-content\/uploads\/2022\/06\/Metlife.png\" alt=\"Metlife\"><\/figure>\n<figure><img decoding=\"async\" src=\"https:\/\/proyectos.c-onlineweb.net\/msj\/wp-content\/uploads\/2022\/06\/mapfre.png\" alt=\"mapfre\"><\/figure>\n<figure><img decoding=\"async\" src=\"https:\/\/proyectos.c-onlineweb.net\/msj\/wp-content\/uploads\/2022\/06\/Umbrella.png\" alt=\"Umbrella\"><\/figure>\n<figure><img decoding=\"async\" src=\"https:\/\/proyectos.c-onlineweb.net\/msj\/wp-content\/uploads\/2022\/06\/hDi-1.png\" alt=\"hDi\"><\/figure>\n<figure><img decoding=\"async\" src=\"https:\/\/proyectos.c-onlineweb.net\/msj\/wp-content\/uploads\/2022\/06\/BBVA.png\" alt=\"BBVA\"><\/figure>\n<p>Anterior<br \/>\nSiguiente<\/p>\n","protected":false},"excerpt":{"rendered":"<p>SITIO WEB EN CONSTRUCCI\u00d3N . \u21fe Programa tu cirug\u00eda \u21fe Solicita una cotizaci\u00f3n de Cirug\u00eda, aqu\u00ed\u2026 . \u21fe Encuentra a tu m\u00e9dico&nbsp; \u21fe Rayos X&hellip;<\/p>\n","protected":false},"author":1,"featured_media":0,"parent":0,"menu_order":0,"comment_status":"closed","ping_status":"closed","template":"","meta":{"_eb_attr":"","_joinchat":[],"footnotes":""},"class_list":["post-87","page","type-page","status-publish","hentry"],"_links":{"self":[{"href":"https:\/\/proyectos.c-onlineweb.net\/msj\/wp-json\/wp\/v2\/pages\/87","targetHints":{"allow":["GET"]}}],"collection":[{"href":"https:\/\/proyectos.c-onlineweb.net\/msj\/wp-json\/wp\/v2\/pages"}],"about":[{"href":"https:\/\/proyectos.c-onlineweb.net\/msj\/wp-json\/wp\/v2\/types\/page"}],"author":[{"embeddable":true,"href":"https:\/\/proyectos.c-onlineweb.net\/msj\/wp-json\/wp\/v2\/users\/1"}],"replies":[{"embeddable":true,"href":"https:\/\/proyectos.c-onlineweb.net\/msj\/wp-json\/wp\/v2\/comments?post=87"}],"version-history":[{"count":90,"href":"https:\/\/proyectos.c-onlineweb.net\/msj\/wp-json\/wp\/v2\/pages\/87\/revisions"}],"predecessor-version":[{"id":1062,"href":"https:\/\/proyectos.c-onlineweb.net\/msj\/wp-json\/wp\/v2\/pages\/87\/revisions\/1062"}],"wp:attachment":[{"href":"https:\/\/proyectos.c-onlineweb.net\/msj\/wp-json\/wp\/v2\/media?parent=87"}],"curies":[{"name":"wp","href":"https:\/\/api.w.org\/{rel}","templated":true}]}}