{"id":68,"date":"2021-12-12T06:32:55","date_gmt":"2021-12-12T06:32:55","guid":{"rendered":"https:\/\/demosites.royal-elementor-addons.com\/ittech-v2\/?page_id=68"},"modified":"2026-02-20T19:19:53","modified_gmt":"2026-02-20T19:19:53","slug":"articulos","status":"publish","type":"page","link":"https:\/\/proyectos.c-onlineweb.net\/defensoria\/articulos\/","title":{"rendered":"Art\u00edculos"},"content":{"rendered":"\t\t<div data-elementor-type=\"wp-page\" data-elementor-id=\"68\" class=\"elementor elementor-68\">\n\t\t\t\t<div class=\"elementor-element elementor-element-59e60ed e-con-full e-flex wpr-particle-no wpr-jarallax-no wpr-parallax-no wpr-sticky-section-no e-con e-parent\" data-id=\"59e60ed\" data-element_type=\"container\" data-e-type=\"container\">\n\t\t\t\t<div class=\"elementor-element elementor-element-8b84167 elementor-widget elementor-widget-html\" data-id=\"8b84167\" data-element_type=\"widget\" data-e-type=\"widget\" data-widget_type=\"html.default\">\n\t\t\t\t\t<!DOCTYPE html>\r\n<html lang=\"es\">\r\n<head>\r\n    <meta charset=\"UTF-8\">\r\n    <meta name=\"viewport\" content=\"width=device-width, initial-scale=1.0\">\r\n    <title>Defensor\u00eda del Padre \u00b7 Mantenimiento<\/title>\r\n    <link rel=\"preconnect\" href=\"https:\/\/fonts.googleapis.com\">\r\n    <link rel=\"preconnect\" href=\"https:\/\/fonts.gstatic.com\" crossorigin>\r\n    <link href=\"https:\/\/fonts.googleapis.com\/css2?family=Inter:opsz,wght@14..32,300;14..32,400;14..32,600;14..32,700&display=swap\" rel=\"stylesheet\">\r\n    <style>\r\n        * {\r\n            margin: 0;\r\n            padding: 0;\r\n            box-sizing: border-box;\r\n        }\r\n\r\n        body {\r\n            font-family: 'Inter', sans-serif;\r\n            min-height: 100vh;\r\n            display: flex;\r\n            flex-direction: column;\r\n            color: #eef2f6;\r\n        }\r\n\r\n        \/* Contenedor principal con fondo propio *\/\r\n        .fullscreen-content {\r\n            position: relative;\r\n            z-index: 10;\r\n            flex: 1;\r\n            display: flex;\r\n            flex-direction: column;\r\n            justify-content: space-between;\r\n            align-items: center;\r\n            padding: 3rem 2rem 2rem;\r\n            min-height: 100vh;\r\n            width: 100%;\r\n            margin: 0 auto;\r\n            background-color: #0b1825;\r\n            background-image: \r\n                radial-gradient(circle at 10% 20%, rgba(255,255,255,0.02) 0px, transparent 2px),\r\n                radial-gradient(circle at 90% 70%, rgba(255,255,255,0.02) 0px, transparent 2px),\r\n                radial-gradient(circle at 30% 80%, rgba(255,255,255,0.015) 0px, transparent 3px),\r\n                radial-gradient(circle at 70% 30%, rgba(255,255,255,0.015) 0px, transparent 3px);\r\n            background-size: 150px 150px, 200px 200px, 250px 250px, 180px 180px;\r\n            background-repeat: repeat;\r\n            background-position: 0 0;\r\n        }\r\n\r\n        \/* Cabecera (logo) *\/\r\n        .header {\r\n            width: 100%;\r\n            display: flex;\r\n            justify-content: center;\r\n            margin-bottom: 2rem;\r\n        }\r\n\r\n        .logo {\r\n            display: flex;\r\n            align-items: center;\r\n            gap: 16px;\r\n        }\r\n\r\n        .logo-icon {\r\n            background: linear-gradient(135deg, #2f4b6e, #1c3144);\r\n            width: 70px;\r\n            height: 70px;\r\n            border-radius: 22px;\r\n            display: flex;\r\n            align-items: center;\r\n            justify-content: center;\r\n            box-shadow: 0 20px 30px -10px rgba(0, 0, 0, 0.6);\r\n        }\r\n\r\n        .logo-icon svg {\r\n            width: 40px;\r\n            height: 40px;\r\n            fill: #aaccff;\r\n        }\r\n\r\n        .logo-text {\r\n            font-size: 2.8rem;\r\n            font-weight: 600;\r\n            letter-spacing: -0.5px;\r\n            background: linear-gradient(120deg, #ffffff, #cbd5e6);\r\n            -webkit-background-clip: text;\r\n            -webkit-text-fill-color: transparent;\r\n            background-clip: text;\r\n        }\r\n\r\n        \/* \u00c1rea central: texto y contador *\/\r\n        .main-area {\r\n            flex: 1;\r\n            display: flex;\r\n            flex-direction: column;\r\n            justify-content: center;\r\n            align-items: center;\r\n            width: 100%;\r\n            text-align: center;\r\n            margin: 2rem 0;\r\n        }\r\n\r\n        .badge {\r\n            background: rgba(255,255,255,0.03);\r\n            border: 1px solid rgba(255,255,255,0.08);\r\n            border-radius: 60px;\r\n            padding: 0.6rem 2rem;\r\n            display: inline-block;\r\n            font-size: 0.95rem;\r\n            font-weight: 400;\r\n            letter-spacing: 1.5px;\r\n            text-transform: uppercase;\r\n            color: #b0c7e0;\r\n            margin-bottom: 2.5rem;\r\n            backdrop-filter: blur(4px);\r\n        }\r\n\r\n        h1 {\r\n            font-size: 3.5rem;\r\n            font-weight: 300;\r\n            color: #eef2f6;\r\n            margin-bottom: 1.2rem;\r\n            line-height: 1.2;\r\n            max-width: 900px;\r\n        }\r\n\r\n        h1 strong {\r\n            font-weight: 600;\r\n            color: white;\r\n        }\r\n\r\n        .description {\r\n            font-size: 1.2rem;\r\n            color: #9fb0cc;\r\n            margin-bottom: 3.5rem;\r\n            font-weight: 300;\r\n            max-width: 600px;\r\n        }\r\n\r\n        \/* Contador moderno y m\u00e1s grande *\/\r\n        .countdown-grid {\r\n            display: flex;\r\n            flex-wrap: wrap;\r\n            justify-content: center;\r\n            gap: 2.5rem;\r\n            margin: 2rem 0 3rem;\r\n        }\r\n\r\n        .countdown-block {\r\n            background: rgba(12, 22, 31, 0.5);\r\n            backdrop-filter: blur(10px);\r\n            -webkit-backdrop-filter: blur(10px);\r\n            border: 1px solid rgba(255, 255, 255, 0.05);\r\n            border-radius: 40px;\r\n            padding: 2.5rem 2rem;\r\n            min-width: 180px;\r\n            box-shadow: 0 30px 40px -15px rgba(0, 0, 0, 0.7);\r\n            transition: transform 0.2s ease, border-color 0.2s;\r\n        }\r\n\r\n        .countdown-block:hover {\r\n            transform: translateY(-6px);\r\n            border-color: rgba(255, 255, 255, 0.15);\r\n        }\r\n\r\n        .countdown-number {\r\n            font-size: 5.5rem;\r\n            font-weight: 700;\r\n            background: linear-gradient(180deg, #ffffff, #bfd4f0);\r\n            -webkit-background-clip: text;\r\n            -webkit-text-fill-color: transparent;\r\n            background-clip: text;\r\n            line-height: 1;\r\n            margin-bottom: 0.2rem;\r\n            text-shadow: 0 0 30px rgba(90, 150, 255, 0.4);\r\n        }\r\n\r\n        .countdown-label {\r\n            font-size: 1rem;\r\n            text-transform: uppercase;\r\n            letter-spacing: 4px;\r\n            color: #8aa1c0;\r\n            font-weight: 400;\r\n        }\r\n\r\n        .status-indicator {\r\n            display: flex;\r\n            align-items: center;\r\n            justify-content: center;\r\n            gap: 12px;\r\n            margin-top: 2rem;\r\n            color: #9fb8da;\r\n            font-size: 1.1rem;\r\n        }\r\n\r\n        .dot-pulse {\r\n            width: 12px;\r\n            height: 12px;\r\n            background: #4caf92;\r\n            border-radius: 50%;\r\n            box-shadow: 0 0 15px #4caf92;\r\n            animation: pulse 1.5s infinite;\r\n        }\r\n\r\n        @keyframes pulse {\r\n            0% { opacity: 0.6; transform: scale(1); }\r\n            50% { opacity: 1; transform: scale(1.2); }\r\n            100% { opacity: 0.6; transform: scale(1); }\r\n        }\r\n\r\n        \/* Pie de p\u00e1gina *\/\r\n        .footer {\r\n            width: 100%;\r\n            display: flex;\r\n            justify-content: center;\r\n            padding-top: 2rem;\r\n            border-top: 1px solid rgba(255,255,255,0.05);\r\n            margin-top: auto;\r\n            color: #5d738b;\r\n            font-size: 0.9rem;\r\n            gap: 3rem;\r\n            flex-wrap: wrap;\r\n        }\r\n\r\n        .footer-item {\r\n            display: flex;\r\n            align-items: center;\r\n            gap: 8px;\r\n        }\r\n\r\n        .footer-item svg {\r\n            width: 18px;\r\n            height: 18px;\r\n            fill: #6f89a5;\r\n        }\r\n\r\n        \/* Responsive *\/\r\n        @media (max-width: 700px) {\r\n            .fullscreen-content {\r\n                padding: 2rem 1.5rem;\r\n            }\r\n            .logo-text {\r\n                font-size: 2.2rem;\r\n            }\r\n            .logo-icon {\r\n                width: 60px;\r\n                height: 60px;\r\n            }\r\n            h1 {\r\n                font-size: 2.2rem;\r\n            }\r\n            .countdown-grid {\r\n                gap: 1.2rem;\r\n            }\r\n            .countdown-block {\r\n                min-width: 130px;\r\n                padding: 1.5rem 1rem;\r\n            }\r\n            .countdown-number {\r\n                font-size: 3.5rem;\r\n            }\r\n            .countdown-label {\r\n                font-size: 0.8rem;\r\n                letter-spacing: 2px;\r\n            }\r\n        }\r\n\r\n        @media (max-width: 480px) {\r\n            .countdown-block {\r\n                min-width: 100px;\r\n                padding: 1rem 0.5rem;\r\n            }\r\n            .countdown-number {\r\n                font-size: 2.8rem;\r\n            }\r\n        }\r\n    <\/style>\r\n<\/head>\r\n<body>\r\n    <!-- El fondo est\u00e1 en .fullscreen-content, ya no necesitamos .bg-particles -->\r\n    <div class=\"fullscreen-content\">\r\n        <!-- Cabecera con logo -->\r\n        <div class=\"header\">\r\n            <div class=\"logo\">\r\n                <div class=\"logo-icon\">\r\n                    <svg viewBox=\"0 0 24 24\">\r\n                        <path d=\"M12 1L3 5v6c0 5.55 3.84 10.74 9 12 5.16-1.26 9-6.45 9-12V5l-9-4zm0 10.99h7c-.53 4.12-3.28 7.79-7 8.94V12H5V6.3l7-3.11v8.8z\"\/>\r\n                    <\/svg>\r\n                <\/div>\r\n                <span class=\"logo-text\">Defensor\u00eda del Padre<\/span>\r\n            <\/div>\r\n        <\/div>\r\n\r\n        <!-- Contenido principal centrado -->\r\n        <div class=\"main-area\">\r\n            <div class=\"badge\">ACTUALIZACI\u00d3N PROGRAMADA<\/div>\r\n            \r\n            <h1>Estamos <strong>mejorando<\/strong> nuestra plataforma<\/h1>\r\n            <p class=\"description\">Trabajamos para ofrecerle una experiencia m\u00e1s segura y eficiente. Muy pronto estaremos de vuelta.<\/p>\r\n\r\n            <!-- Contador de 15 d\u00edas -->\r\n            <div class=\"countdown-grid\" id=\"countdown\">\r\n                <div class=\"countdown-block\">\r\n                    <div class=\"countdown-number\" id=\"days\">00<\/div>\r\n                    <div class=\"countdown-label\">D\u00edas<\/div>\r\n                <\/div>\r\n                <div class=\"countdown-block\">\r\n                    <div class=\"countdown-number\" id=\"hours\">00<\/div>\r\n                    <div class=\"countdown-label\">Horas<\/div>\r\n                <\/div>\r\n                <div class=\"countdown-block\">\r\n                    <div class=\"countdown-number\" id=\"minutes\">00<\/div>\r\n                    <div class=\"countdown-label\">Minutos<\/div>\r\n                <\/div>\r\n                <div class=\"countdown-block\">\r\n                    <div class=\"countdown-number\" id=\"seconds\">00<\/div>\r\n                    <div class=\"countdown-label\">Segundos<\/div>\r\n                <\/div>\r\n            <\/div>\r\n\r\n            <!-- Indicador de proceso (sin correo) -->\r\n            <div class=\"status-indicator\">\r\n                <span class=\"dot-pulse\"><\/span>\r\n                <span>Proceso de actualizaci\u00f3n en curso<\/span>\r\n            <\/div>\r\n        <\/div>\r\n\r\n        <!-- Pie de p\u00e1gina institucional sin correo -->\r\n        <div class=\"footer\">\r\n            <div class=\"footer-item\">\r\n                <svg viewBox=\"0 0 24 24\">\r\n                    <path d=\"M12 2C8.13 2 5 5.13 5 9c0 5.25 7 13 7 13s7-7.75 7-13c0-3.87-3.13-7-7-7zm0 9.5c-1.38 0-2.5-1.12-2.5-2.5s1.12-2.5 2.5-2.5 2.5 1.12 2.5 2.5-1.12 2.5-2.5 2.5z\"\/>\r\n                <\/svg>\r\n                Defensor\u00eda del Padre \u00b7 2025\r\n            <\/div>\r\n            <div class=\"footer-item\">\r\n                <svg viewBox=\"0 0 24 24\">\r\n                    <path d=\"M20 4H4c-1.1 0-1.99.9-1.99 2L2 18c0 1.1.9 2 2 2h16c1.1 0 2-.9 2-2V6c0-1.1-.9-2-2-2zm0 4l-8 5-8-5V6l8 5 8-5v2z\"\/>\r\n                <\/svg>\r\n                Comunicaci\u00f3n interna\r\n            <\/div>\r\n        <\/div>\r\n    <\/div>\r\n\r\n    <script>\r\n        (function() {\r\n            \/\/ 15 d\u00edas desde hoy (a medianoche)\r\n            let targetDate = new Date();\r\n            targetDate.setDate(targetDate.getDate() + 15);\r\n            targetDate.setHours(0, 0, 0, 0);\r\n            const countDownDate = targetDate.getTime();\r\n\r\n            function updateCountdown() {\r\n                const now = new Date().getTime();\r\n                const distance = countDownDate - now;\r\n\r\n                if (distance < 0) {\r\n                    document.getElementById('days').innerText = '00';\r\n                    document.getElementById('hours').innerText = '00';\r\n                    document.getElementById('minutes').innerText = '00';\r\n                    document.getElementById('seconds').innerText = '00';\r\n                    return;\r\n                }\r\n\r\n                const days = Math.floor(distance \/ (1000 * 60 * 60 * 24));\r\n                const hours = Math.floor((distance % (1000 * 60 * 60 * 24)) \/ (1000 * 60 * 60));\r\n                const minutes = Math.floor((distance % (1000 * 60 * 60)) \/ (1000 * 60));\r\n                const seconds = Math.floor((distance % (1000 * 60)) \/ 1000);\r\n\r\n                document.getElementById('days').innerText = days < 10 ? '0' + days : days;\r\n                document.getElementById('hours').innerText = hours < 10 ? '0' + hours : hours;\r\n                document.getElementById('minutes').innerText = minutes < 10 ? '0' + minutes : minutes;\r\n                document.getElementById('seconds').innerText = seconds < 10 ? '0' + seconds : seconds;\r\n            }\r\n\r\n            updateCountdown();\r\n            setInterval(updateCountdown, 1000);\r\n        })();\r\n    <\/script>\r\n<\/body>\r\n<\/html>\r\n\r\n\t\t\t\t<\/div>\n\t\t\t\t<\/div>\n\t\t\t\t<\/div>\n\t\t","protected":false},"excerpt":{"rendered":"<p>Defensor\u00eda del Padre \u00b7 Mantenimiento Defensor\u00eda del Padre ACTUALIZACI\u00d3N PROGRAMADA Estamos mejorando nuestra plataforma Trabajamos para ofrecerle una experiencia m\u00e1s segura y eficiente. Muy pronto estaremos de vuelta. 00 D\u00edas 00 Horas 00 Minutos 00 Segundos Proceso de actualizaci\u00f3n en curso Defensor\u00eda del Padre \u00b7 2025 Comunicaci\u00f3n interna<\/p>\n","protected":false},"author":1,"featured_media":917,"parent":0,"menu_order":0,"comment_status":"closed","ping_status":"closed","template":"elementor_canvas","meta":{"footnotes":""},"class_list":["post-68","page","type-page","status-publish","has-post-thumbnail","hentry"],"yoast_head":"<!-- This site is optimized with the Yoast SEO plugin v27.0 - https:\/\/yoast.com\/product\/yoast-seo-wordpress\/ -->\n<title>Art\u00edculos Legales para Padres<\/title>\n<meta name=\"description\" content=\"Art\u00edculos jur\u00eddicos sobre custodia, divorcio, patria potestad y derechos del padre en M\u00e9xico.\" \/>\n<meta name=\"robots\" content=\"index, follow, max-snippet:-1, max-image-preview:large, max-video-preview:-1\" \/>\n<link rel=\"canonical\" href=\"https:\/\/proyectos.c-onlineweb.net\/defensoria\/articulos\/\" \/>\n<meta property=\"og:locale\" content=\"en_US\" \/>\n<meta property=\"og:type\" content=\"article\" \/>\n<meta property=\"og:title\" content=\"Art\u00edculos Legales para Padres\" \/>\n<meta property=\"og:description\" content=\"Art\u00edculos jur\u00eddicos sobre custodia, divorcio, patria potestad y derechos del padre en M\u00e9xico.\" \/>\n<meta property=\"og:url\" content=\"https:\/\/proyectos.c-onlineweb.net\/defensoria\/articulos\/\" \/>\n<meta property=\"og:site_name\" content=\"My Blog\" \/>\n<meta property=\"article:modified_time\" content=\"2026-02-20T19:19:53+00:00\" \/>\n<meta property=\"og:image\" content=\"https:\/\/proyectos.c-onlineweb.net\/defensoria\/wp-content\/uploads\/2026\/02\/defensoria-5-scaled.jpg\" \/>\n\t<meta property=\"og:image:width\" content=\"2560\" \/>\n\t<meta property=\"og:image:height\" content=\"1709\" \/>\n\t<meta property=\"og:image:type\" content=\"image\/jpeg\" \/>\n<meta name=\"twitter:card\" content=\"summary_large_image\" \/>\n<meta name=\"twitter:label1\" content=\"Est. reading time\" \/>\n\t<meta name=\"twitter:data1\" content=\"4 minutes\" \/>\n<script type=\"application\/ld+json\" class=\"yoast-schema-graph\">{\"@context\":\"https:\/\/schema.org\",\"@graph\":[{\"@type\":\"WebPage\",\"@id\":\"https:\/\/proyectos.c-onlineweb.net\/defensoria\/articulos\/\",\"url\":\"https:\/\/proyectos.c-onlineweb.net\/defensoria\/articulos\/\",\"name\":\"Art\u00edculos Legales para Padres\",\"isPartOf\":{\"@id\":\"https:\/\/proyectos.c-onlineweb.net\/defensoria\/#website\"},\"primaryImageOfPage\":{\"@id\":\"https:\/\/proyectos.c-onlineweb.net\/defensoria\/articulos\/#primaryimage\"},\"image\":{\"@id\":\"https:\/\/proyectos.c-onlineweb.net\/defensoria\/articulos\/#primaryimage\"},\"thumbnailUrl\":\"https:\/\/proyectos.c-onlineweb.net\/defensoria\/wp-content\/uploads\/2026\/02\/defensoria-5-scaled.jpg\",\"datePublished\":\"2021-12-12T06:32:55+00:00\",\"dateModified\":\"2026-02-20T19:19:53+00:00\",\"description\":\"Art\u00edculos jur\u00eddicos sobre custodia, divorcio, patria potestad y derechos del padre en M\u00e9xico.\",\"breadcrumb\":{\"@id\":\"https:\/\/proyectos.c-onlineweb.net\/defensoria\/articulos\/#breadcrumb\"},\"inLanguage\":\"en-US\",\"potentialAction\":[{\"@type\":\"ReadAction\",\"target\":[\"https:\/\/proyectos.c-onlineweb.net\/defensoria\/articulos\/\"]}]},{\"@type\":\"ImageObject\",\"inLanguage\":\"en-US\",\"@id\":\"https:\/\/proyectos.c-onlineweb.net\/defensoria\/articulos\/#primaryimage\",\"url\":\"https:\/\/proyectos.c-onlineweb.net\/defensoria\/wp-content\/uploads\/2026\/02\/defensoria-5-scaled.jpg\",\"contentUrl\":\"https:\/\/proyectos.c-onlineweb.net\/defensoria\/wp-content\/uploads\/2026\/02\/defensoria-5-scaled.jpg\",\"width\":2560,\"height\":1709},{\"@type\":\"BreadcrumbList\",\"@id\":\"https:\/\/proyectos.c-onlineweb.net\/defensoria\/articulos\/#breadcrumb\",\"itemListElement\":[{\"@type\":\"ListItem\",\"position\":1,\"name\":\"Home\",\"item\":\"https:\/\/proyectos.c-onlineweb.net\/defensoria\/\"},{\"@type\":\"ListItem\",\"position\":2,\"name\":\"Art\u00edculos\"}]},{\"@type\":\"WebSite\",\"@id\":\"https:\/\/proyectos.c-onlineweb.net\/defensoria\/#website\",\"url\":\"https:\/\/proyectos.c-onlineweb.net\/defensoria\/\",\"name\":\"My Blog\",\"description\":\"My WordPress Blog\",\"potentialAction\":[{\"@type\":\"SearchAction\",\"target\":{\"@type\":\"EntryPoint\",\"urlTemplate\":\"https:\/\/proyectos.c-onlineweb.net\/defensoria\/?s={search_term_string}\"},\"query-input\":{\"@type\":\"PropertyValueSpecification\",\"valueRequired\":true,\"valueName\":\"search_term_string\"}}],\"inLanguage\":\"en-US\"}]}<\/script>\n<!-- \/ Yoast SEO plugin. -->","yoast_head_json":{"title":"Art\u00edculos Legales para Padres","description":"Art\u00edculos jur\u00eddicos sobre custodia, divorcio, patria potestad y derechos del padre en M\u00e9xico.","robots":{"index":"index","follow":"follow","max-snippet":"max-snippet:-1","max-image-preview":"max-image-preview:large","max-video-preview":"max-video-preview:-1"},"canonical":"https:\/\/proyectos.c-onlineweb.net\/defensoria\/articulos\/","og_locale":"en_US","og_type":"article","og_title":"Art\u00edculos Legales para Padres","og_description":"Art\u00edculos jur\u00eddicos sobre custodia, divorcio, patria potestad y derechos del padre en M\u00e9xico.","og_url":"https:\/\/proyectos.c-onlineweb.net\/defensoria\/articulos\/","og_site_name":"My Blog","article_modified_time":"2026-02-20T19:19:53+00:00","og_image":[{"width":2560,"height":1709,"url":"https:\/\/proyectos.c-onlineweb.net\/defensoria\/wp-content\/uploads\/2026\/02\/defensoria-5-scaled.jpg","type":"image\/jpeg"}],"twitter_card":"summary_large_image","twitter_misc":{"Est. reading time":"4 minutes"},"schema":{"@context":"https:\/\/schema.org","@graph":[{"@type":"WebPage","@id":"https:\/\/proyectos.c-onlineweb.net\/defensoria\/articulos\/","url":"https:\/\/proyectos.c-onlineweb.net\/defensoria\/articulos\/","name":"Art\u00edculos Legales para Padres","isPartOf":{"@id":"https:\/\/proyectos.c-onlineweb.net\/defensoria\/#website"},"primaryImageOfPage":{"@id":"https:\/\/proyectos.c-onlineweb.net\/defensoria\/articulos\/#primaryimage"},"image":{"@id":"https:\/\/proyectos.c-onlineweb.net\/defensoria\/articulos\/#primaryimage"},"thumbnailUrl":"https:\/\/proyectos.c-onlineweb.net\/defensoria\/wp-content\/uploads\/2026\/02\/defensoria-5-scaled.jpg","datePublished":"2021-12-12T06:32:55+00:00","dateModified":"2026-02-20T19:19:53+00:00","description":"Art\u00edculos jur\u00eddicos sobre custodia, divorcio, patria potestad y derechos del padre en M\u00e9xico.","breadcrumb":{"@id":"https:\/\/proyectos.c-onlineweb.net\/defensoria\/articulos\/#breadcrumb"},"inLanguage":"en-US","potentialAction":[{"@type":"ReadAction","target":["https:\/\/proyectos.c-onlineweb.net\/defensoria\/articulos\/"]}]},{"@type":"ImageObject","inLanguage":"en-US","@id":"https:\/\/proyectos.c-onlineweb.net\/defensoria\/articulos\/#primaryimage","url":"https:\/\/proyectos.c-onlineweb.net\/defensoria\/wp-content\/uploads\/2026\/02\/defensoria-5-scaled.jpg","contentUrl":"https:\/\/proyectos.c-onlineweb.net\/defensoria\/wp-content\/uploads\/2026\/02\/defensoria-5-scaled.jpg","width":2560,"height":1709},{"@type":"BreadcrumbList","@id":"https:\/\/proyectos.c-onlineweb.net\/defensoria\/articulos\/#breadcrumb","itemListElement":[{"@type":"ListItem","position":1,"name":"Home","item":"https:\/\/proyectos.c-onlineweb.net\/defensoria\/"},{"@type":"ListItem","position":2,"name":"Art\u00edculos"}]},{"@type":"WebSite","@id":"https:\/\/proyectos.c-onlineweb.net\/defensoria\/#website","url":"https:\/\/proyectos.c-onlineweb.net\/defensoria\/","name":"My Blog","description":"My WordPress Blog","potentialAction":[{"@type":"SearchAction","target":{"@type":"EntryPoint","urlTemplate":"https:\/\/proyectos.c-onlineweb.net\/defensoria\/?s={search_term_string}"},"query-input":{"@type":"PropertyValueSpecification","valueRequired":true,"valueName":"search_term_string"}}],"inLanguage":"en-US"}]}},"_links":{"self":[{"href":"https:\/\/proyectos.c-onlineweb.net\/defensoria\/wp-json\/wp\/v2\/pages\/68","targetHints":{"allow":["GET"]}}],"collection":[{"href":"https:\/\/proyectos.c-onlineweb.net\/defensoria\/wp-json\/wp\/v2\/pages"}],"about":[{"href":"https:\/\/proyectos.c-onlineweb.net\/defensoria\/wp-json\/wp\/v2\/types\/page"}],"author":[{"embeddable":true,"href":"https:\/\/proyectos.c-onlineweb.net\/defensoria\/wp-json\/wp\/v2\/users\/1"}],"replies":[{"embeddable":true,"href":"https:\/\/proyectos.c-onlineweb.net\/defensoria\/wp-json\/wp\/v2\/comments?post=68"}],"version-history":[{"count":4,"href":"https:\/\/proyectos.c-onlineweb.net\/defensoria\/wp-json\/wp\/v2\/pages\/68\/revisions"}],"predecessor-version":[{"id":974,"href":"https:\/\/proyectos.c-onlineweb.net\/defensoria\/wp-json\/wp\/v2\/pages\/68\/revisions\/974"}],"wp:featuredmedia":[{"embeddable":true,"href":"https:\/\/proyectos.c-onlineweb.net\/defensoria\/wp-json\/wp\/v2\/media\/917"}],"wp:attachment":[{"href":"https:\/\/proyectos.c-onlineweb.net\/defensoria\/wp-json\/wp\/v2\/media?parent=68"}],"curies":[{"name":"wp","href":"https:\/\/api.w.org\/{rel}","templated":true}]}}